{"id":10,"date":"2021-09-29T01:59:05","date_gmt":"2021-09-29T01:59:05","guid":{"rendered":"https:\/\/dev.muyaradio.com\/?page_id=10"},"modified":"2025-04-10T20:02:55","modified_gmt":"2025-04-10T20:02:55","slug":"about","status":"publish","type":"page","link":"https:\/\/muyaradio.com\/index.php\/about\/","title":{"rendered":"Quienes Somos"},"content":{"rendered":"\n<h2 class=\"wp-block-heading\"><\/h2>\n\n\n\n<p>Establecido y fundado en CDMX<\/p>\n\n\n\n<p>Podcast y Radio de Metal, sus ra\u00edces y derivados, con lo mejor de la escena internacional y dedicado a apoyar bandas Mexicanas, Ib\u00e9ricas y Latinoamericanas underground desde hace 15 a\u00f1os.<\/p>\n\n\n\n<p>El Equipo de <strong>MUYA Radio <\/strong>es conformado por:<\/p>\n\n\n\n<p><br><a href=\"https:\/\/www.instagram.com\/phantom.lord\/\" target=\"_blank\" rel=\"noreferrer noopener\">Rudwolf Von Barrett<\/a>\u00a0(Phantom Lord) <a href=\"https:\/\/www.facebook.com\/hail.the.nightmare\">Hail The Nightmare<\/a><\/p>\n\n\n\n<p><a href=\"https:\/\/www.instagram.com\/heavymonroy\/\" target=\"_blank\" rel=\"noreferrer noopener\">Juan Mart\u00ednez<\/a>&nbsp;(Tio, Duke de Chimalhuacan, Divo del Chopo)<\/p>\n\n\n\n<p><a href=\"https:\/\/www.instagram.com\/fancitoc_chuc\/\" target=\"_blank\" rel=\"noreferrer noopener\">Miguel Luna<\/a>&nbsp;(Fancito) <a href=\"https:\/\/www.facebook.com\/FancitoFromHell\" target=\"_blank\" rel=\"noreferrer noopener\">Fan Fom Hell<\/a> <\/p>\n\n\n\n<p><a rel=\"noreferrer noopener\" href=\"https:\/\/www.instagram.com\/elalex_maiden\/\" target=\"_blank\">Alejandro Ruiz<\/a>&nbsp;(Alex Maiden)<\/p>\n\n\n\n<p><a href=\"https:\/\/www.instagram.com\/pamelascv\/\" target=\"_blank\" rel=\"noreferrer noopener\">Pamela Calder\u00f3n<\/a>&nbsp;(Pame) <a href=\"https:\/\/www.instagram.com\/fanterviewsss\/\" target=\"_blank\" rel=\"noreferrer noopener\">Fans And Bands<\/a> <\/p>\n\n\n\n<p><a href=\"https:\/\/www.instagram.com\/samuelsegura_\/\" target=\"_blank\" rel=\"noreferrer noopener\">Samuel Segura<\/a>&nbsp;(Sam) <a href=\"https:\/\/www.instagram.com\/asediomx\/\" target=\"_blank\" rel=\"noreferrer noopener\">Asedio<\/a><\/p>\n\n\n\n<p><a href=\"https:\/\/www.facebook.com\/alejandro.albarranmejia\" target=\"_blank\" rel=\"noreferrer noopener\">Alex Albarran<\/a> (Almorran)<\/p>\n\n\n\n<p><a href=\"https:\/\/www.instagram.com\/lalo_craneo\/\">Eduardo Gomez<\/a> (Lalo Craneo) <a href=\"https:\/\/www.ivoox.com\/podcast-monsterpiece-horror-punk-psychobilly_sq_f1376087_1.html\" target=\"_blank\" rel=\"noreferrer noopener\">Monsterpiece<\/a><\/p>\n\n\n\n<p><a href=\"https:\/\/www.facebook.com\/carlitrosmack\" target=\"_blank\" rel=\"noreferrer noopener\">Carlos Mackenzie<\/a> (Mack, Rob Zombie) <a href=\"https:\/\/www.facebook.com\/Fuzztlan\">Fuzztlan<\/a><\/p>\n\n\n\n<p><a href=\"https:\/\/www.facebook.com\/victordragon.sanchez\" target=\"_blank\" rel=\"noreferrer noopener\">Victor Sanchez<\/a> (Vic Dragon) <a href=\"https:\/\/www.facebook.com\/CriaturismoMetal\">Criaturas de La Noche<\/a> <\/p>\n\n\n\n<p><a href=\"https:\/\/www.facebook.com\/profile.php?id=61568144887608\" target=\"_blank\" rel=\"noreferrer noopener\">Jorge Sanchez<\/a> (George Black)  <a href=\"https:\/\/www.facebook.com\/CriaturismoMetal\">Criaturas de La Noche<\/a> <\/p>\n\n\n\n<p><a href=\"https:\/\/www.facebook.com\/profile.php?id=100009725469369&amp;mibextid=ZbWKwL\" target=\"_blank\" rel=\"noreferrer noopener\">Luis Perez<\/a> (Luis TallicA)<\/p>\n\n\n\n<figure class=\"wp-block-image aligncenter size-full is-resized\"><img loading=\"lazy\" decoding=\"async\" width=\"300\" height=\"300\" src=\"https:\/\/muyaradio.com\/wp-content\/uploads\/2023\/10\/MUYA.png\" alt=\"\" class=\"wp-image-213\" style=\"width:174px;height:auto\" srcset=\"https:\/\/muyaradio.com\/wp-content\/uploads\/2023\/10\/MUYA.png 300w, https:\/\/muyaradio.com\/wp-content\/uploads\/2023\/10\/MUYA-150x150.png 150w\" sizes=\"auto, (max-width: 300px) 100vw, 300px\" \/><\/figure>\n","protected":false},"excerpt":{"rendered":"<p>Establecido y fundado en CDMX Podcast y Radio de Metal, sus ra\u00edces y derivados, con lo mejor de la escena internacional y dedicado a apoyar bandas Mexicanas, Ib\u00e9ricas y Latinoamericanas underground desde hace 15 a\u00f1os. El Equipo de MUYA Radio es conformado por: Rudwolf Von Barrett\u00a0(Phantom Lord) Hail The Nightmare Juan Mart\u00ednez&nbsp;(Tio, Duke de Chimalhuacan, [&hellip;]<\/p>\n","protected":false},"author":1,"featured_media":0,"parent":0,"menu_order":0,"comment_status":"closed","ping_status":"closed","template":"","meta":{"footnotes":""},"class_list":["post-10","page","type-page","status-publish","hentry"],"_links":{"self":[{"href":"https:\/\/muyaradio.com\/index.php\/wp-json\/wp\/v2\/pages\/10","targetHints":{"allow":["GET"]}}],"collection":[{"href":"https:\/\/muyaradio.com\/index.php\/wp-json\/wp\/v2\/pages"}],"about":[{"href":"https:\/\/muyaradio.com\/index.php\/wp-json\/wp\/v2\/types\/page"}],"author":[{"embeddable":true,"href":"https:\/\/muyaradio.com\/index.php\/wp-json\/wp\/v2\/users\/1"}],"replies":[{"embeddable":true,"href":"https:\/\/muyaradio.com\/index.php\/wp-json\/wp\/v2\/comments?post=10"}],"version-history":[{"count":13,"href":"https:\/\/muyaradio.com\/index.php\/wp-json\/wp\/v2\/pages\/10\/revisions"}],"predecessor-version":[{"id":335,"href":"https:\/\/muyaradio.com\/index.php\/wp-json\/wp\/v2\/pages\/10\/revisions\/335"}],"wp:attachment":[{"href":"https:\/\/muyaradio.com\/index.php\/wp-json\/wp\/v2\/media?parent=10"}],"curies":[{"name":"wp","href":"https:\/\/api.w.org\/{rel}","templated":true}]}}